{"id":1155,"date":"2023-09-20T18:42:01","date_gmt":"2023-09-20T16:42:01","guid":{"rendered":"https:\/\/www.latreille-avignon.fr\/mentions-legales\/"},"modified":"2024-01-11T11:58:57","modified_gmt":"2024-01-11T10:58:57","slug":"legals","status":"publish","type":"page","link":"https:\/\/www.latreille-avignon.fr\/en\/legals\/","title":{"rendered":"Legals"},"content":{"rendered":"","protected":false},"excerpt":{"rendered":"","protected":false},"author":1,"featured_media":0,"parent":0,"menu_order":29,"comment_status":"closed","ping_status":"closed","template":"","meta":{"_acf_changed":false,"inline_featured_image":false,"_monsterinsights_skip_tracking":false,"_monsterinsights_sitenote_active":false,"_monsterinsights_sitenote_note":"","_monsterinsights_sitenote_category":0,"footnotes":""},"class_list":["post-1155","page","type-page","status-publish","hentry"],"acf":[],"yoast_head":"<!-- This site is optimized with the Yoast SEO plugin v23.2 - https:\/\/yoast.com\/wordpress\/plugins\/seo\/ -->\n<title>Legals - Auberge de La Treille<\/title>\n<meta name=\"robots\" content=\"noindex, follow\" \/>\n<meta property=\"og:locale\" content=\"en_US\" \/>\n<meta property=\"og:type\" content=\"article\" \/>\n<meta property=\"og:title\" content=\"Legals - Auberge de La Treille\" \/>\n<meta property=\"og:url\" content=\"https:\/\/www.latreille-avignon.fr\/en\/legals\/\" \/>\n<meta property=\"og:site_name\" content=\"Auberge de La Treille\" \/>\n<meta property=\"article:modified_time\" content=\"2024-01-11T10:58:57+00:00\" \/>\n<meta property=\"og:image\" content=\"https:\/\/www.latreille-avignon.fr\/wp-content\/uploads\/2023\/10\/default.jpg\" \/>\n\t<meta property=\"og:image:width\" content=\"1500\" \/>\n\t<meta property=\"og:image:height\" content=\"788\" \/>\n\t<meta property=\"og:image:type\" content=\"image\/jpeg\" \/>\n<meta name=\"twitter:card\" content=\"summary_large_image\" \/>\n<script type=\"application\/ld+json\" class=\"yoast-schema-graph\">{\"@context\":\"https:\/\/schema.org\",\"@graph\":[{\"@type\":\"WebPage\",\"@id\":\"https:\/\/www.latreille-avignon.fr\/en\/legals\/\",\"url\":\"https:\/\/www.latreille-avignon.fr\/en\/legals\/\",\"name\":\"Legals - Auberge de La Treille\",\"isPartOf\":{\"@id\":\"https:\/\/www.latreille-avignon.fr\/en\/#website\"},\"datePublished\":\"2023-09-20T16:42:01+00:00\",\"dateModified\":\"2024-01-11T10:58:57+00:00\",\"breadcrumb\":{\"@id\":\"https:\/\/www.latreille-avignon.fr\/en\/legals\/#breadcrumb\"},\"inLanguage\":\"en-US\",\"potentialAction\":[{\"@type\":\"ReadAction\",\"target\":[\"https:\/\/www.latreille-avignon.fr\/en\/legals\/\"]}]},{\"@type\":\"BreadcrumbList\",\"@id\":\"https:\/\/www.latreille-avignon.fr\/en\/legals\/#breadcrumb\",\"itemListElement\":[{\"@type\":\"ListItem\",\"position\":1,\"name\":\"Accueil\",\"item\":\"https:\/\/www.latreille-avignon.fr\/en\/\"},{\"@type\":\"ListItem\",\"position\":2,\"name\":\"Legals\"}]},{\"@type\":\"WebSite\",\"@id\":\"https:\/\/www.latreille-avignon.fr\/en\/#website\",\"url\":\"https:\/\/www.latreille-avignon.fr\/en\/\",\"name\":\"Auberge de La Treille\",\"description\":\"Lieu d&#039;\u00e9v\u00e8nements - Chambres d&#039;h\u00f4tes\",\"potentialAction\":[{\"@type\":\"SearchAction\",\"target\":{\"@type\":\"EntryPoint\",\"urlTemplate\":\"https:\/\/www.latreille-avignon.fr\/en\/?s={search_term_string}\"},\"query-input\":\"required name=search_term_string\"}],\"inLanguage\":\"en-US\"}]}<\/script>\n<!-- \/ Yoast SEO plugin. -->","yoast_head_json":{"title":"Legals - Auberge de La Treille","robots":{"index":"noindex","follow":"follow"},"og_locale":"en_US","og_type":"article","og_title":"Legals - Auberge de La Treille","og_url":"https:\/\/www.latreille-avignon.fr\/en\/legals\/","og_site_name":"Auberge de La Treille","article_modified_time":"2024-01-11T10:58:57+00:00","og_image":[{"width":1500,"height":788,"url":"https:\/\/www.latreille-avignon.fr\/wp-content\/uploads\/2023\/10\/default.jpg","type":"image\/jpeg"}],"twitter_card":"summary_large_image","schema":{"@context":"https:\/\/schema.org","@graph":[{"@type":"WebPage","@id":"https:\/\/www.latreille-avignon.fr\/en\/legals\/","url":"https:\/\/www.latreille-avignon.fr\/en\/legals\/","name":"Legals - Auberge de La Treille","isPartOf":{"@id":"https:\/\/www.latreille-avignon.fr\/en\/#website"},"datePublished":"2023-09-20T16:42:01+00:00","dateModified":"2024-01-11T10:58:57+00:00","breadcrumb":{"@id":"https:\/\/www.latreille-avignon.fr\/en\/legals\/#breadcrumb"},"inLanguage":"en-US","potentialAction":[{"@type":"ReadAction","target":["https:\/\/www.latreille-avignon.fr\/en\/legals\/"]}]},{"@type":"BreadcrumbList","@id":"https:\/\/www.latreille-avignon.fr\/en\/legals\/#breadcrumb","itemListElement":[{"@type":"ListItem","position":1,"name":"Accueil","item":"https:\/\/www.latreille-avignon.fr\/en\/"},{"@type":"ListItem","position":2,"name":"Legals"}]},{"@type":"WebSite","@id":"https:\/\/www.latreille-avignon.fr\/en\/#website","url":"https:\/\/www.latreille-avignon.fr\/en\/","name":"Auberge de La Treille","description":"Lieu d&#039;\u00e9v\u00e8nements - Chambres d&#039;h\u00f4tes","potentialAction":[{"@type":"SearchAction","target":{"@type":"EntryPoint","urlTemplate":"https:\/\/www.latreille-avignon.fr\/en\/?s={search_term_string}"},"query-input":"required name=search_term_string"}],"inLanguage":"en-US"}]}},"_links":{"self":[{"href":"https:\/\/www.latreille-avignon.fr\/en\/wp-json\/wp\/v2\/pages\/1155","targetHints":{"allow":["GET"]}}],"collection":[{"href":"https:\/\/www.latreille-avignon.fr\/en\/wp-json\/wp\/v2\/pages"}],"about":[{"href":"https:\/\/www.latreille-avignon.fr\/en\/wp-json\/wp\/v2\/types\/page"}],"author":[{"embeddable":true,"href":"https:\/\/www.latreille-avignon.fr\/en\/wp-json\/wp\/v2\/users\/1"}],"replies":[{"embeddable":true,"href":"https:\/\/www.latreille-avignon.fr\/en\/wp-json\/wp\/v2\/comments?post=1155"}],"version-history":[{"count":2,"href":"https:\/\/www.latreille-avignon.fr\/en\/wp-json\/wp\/v2\/pages\/1155\/revisions"}],"predecessor-version":[{"id":1173,"href":"https:\/\/www.latreille-avignon.fr\/en\/wp-json\/wp\/v2\/pages\/1155\/revisions\/1173"}],"wp:attachment":[{"href":"https:\/\/www.latreille-avignon.fr\/en\/wp-json\/wp\/v2\/media?parent=1155"}],"curies":[{"name":"wp","href":"https:\/\/api.w.org\/{rel}","templated":true}]}}