{"id":1150,"date":"2023-09-21T11:39:57","date_gmt":"2023-09-21T09:39:57","guid":{"rendered":"https:\/\/www.latreille-avignon.fr\/evenements\/rassemblements-familiaux-amicaux\/"},"modified":"2025-03-11T10:21:26","modified_gmt":"2025-03-11T09:21:26","slug":"family-friendly-gatherings","status":"publish","type":"page","link":"https:\/\/www.latreille-avignon.fr\/en\/events\/family-friendly-gatherings\/","title":{"rendered":"Family &#038; friendly gatherings"},"content":{"rendered":"","protected":false},"excerpt":{"rendered":"","protected":false},"author":1,"featured_media":1110,"parent":1148,"menu_order":17,"comment_status":"closed","ping_status":"closed","template":"","meta":{"_acf_changed":false,"inline_featured_image":false,"_monsterinsights_skip_tracking":false,"_monsterinsights_sitenote_active":false,"_monsterinsights_sitenote_note":"","_monsterinsights_sitenote_category":0,"footnotes":""},"class_list":["post-1150","page","type-page","status-publish","has-post-thumbnail","hentry"],"acf":[],"yoast_head":"<!-- This site is optimized with the Yoast SEO plugin v23.2 - https:\/\/yoast.com\/wordpress\/plugins\/seo\/ -->\n<title>Family &amp; friendly gatherings - Auberge de La Treille<\/title>\n<meta name=\"description\" content=\"Organize your family and friendly gatherings in La Treille, a warm place in Avignon for moments with family or friends.\" \/>\n<meta name=\"robots\" content=\"index, follow, max-snippet:-1, max-image-preview:large, max-video-preview:-1\" \/>\n<link rel=\"canonical\" href=\"https:\/\/www.latreille-avignon.fr\/en\/events\/family-friendly-gatherings\/\" \/>\n<meta property=\"og:locale\" content=\"en_US\" \/>\n<meta property=\"og:type\" content=\"article\" \/>\n<meta property=\"og:title\" content=\"Family &amp; friendly gatherings - Auberge de La Treille\" \/>\n<meta property=\"og:description\" content=\"Organize your family and friendly gatherings in La Treille, a warm place in Avignon for moments with family or friends.\" \/>\n<meta property=\"og:url\" content=\"https:\/\/www.latreille-avignon.fr\/en\/events\/family-friendly-gatherings\/\" \/>\n<meta property=\"og:site_name\" content=\"Auberge de La Treille\" \/>\n<meta property=\"article:modified_time\" content=\"2025-03-11T09:21:26+00:00\" \/>\n<meta property=\"og:image\" content=\"https:\/\/www.latreille-avignon.fr\/wp-content\/uploads\/2023\/10\/2023-08-10-La-Treille-176B-scaled.jpg\" \/>\n\t<meta property=\"og:image:width\" content=\"2560\" \/>\n\t<meta property=\"og:image:height\" content=\"1255\" \/>\n\t<meta property=\"og:image:type\" content=\"image\/jpeg\" \/>\n<meta name=\"twitter:card\" content=\"summary_large_image\" \/>\n<meta name=\"twitter:label1\" content=\"Est. reading time\" \/>\n\t<meta name=\"twitter:data1\" content=\"2 minutes\" \/>\n<script type=\"application\/ld+json\" class=\"yoast-schema-graph\">{\"@context\":\"https:\/\/schema.org\",\"@graph\":[{\"@type\":\"WebPage\",\"@id\":\"https:\/\/www.latreille-avignon.fr\/en\/events\/family-friendly-gatherings\/\",\"url\":\"https:\/\/www.latreille-avignon.fr\/en\/events\/family-friendly-gatherings\/\",\"name\":\"Family & friendly gatherings - Auberge de La Treille\",\"isPartOf\":{\"@id\":\"https:\/\/www.latreille-avignon.fr\/en\/#website\"},\"primaryImageOfPage\":{\"@id\":\"https:\/\/www.latreille-avignon.fr\/en\/events\/family-friendly-gatherings\/#primaryimage\"},\"image\":{\"@id\":\"https:\/\/www.latreille-avignon.fr\/en\/events\/family-friendly-gatherings\/#primaryimage\"},\"thumbnailUrl\":\"https:\/\/www.latreille-avignon.fr\/wp-content\/uploads\/2023\/10\/2023-08-10-La-Treille-176B-scaled.jpg\",\"datePublished\":\"2023-09-21T09:39:57+00:00\",\"dateModified\":\"2025-03-11T09:21:26+00:00\",\"description\":\"Organize your family and friendly gatherings in La Treille, a warm place in Avignon for moments with family or friends.\",\"breadcrumb\":{\"@id\":\"https:\/\/www.latreille-avignon.fr\/en\/events\/family-friendly-gatherings\/#breadcrumb\"},\"inLanguage\":\"en-US\",\"potentialAction\":[{\"@type\":\"ReadAction\",\"target\":[\"https:\/\/www.latreille-avignon.fr\/en\/events\/family-friendly-gatherings\/\"]}]},{\"@type\":\"ImageObject\",\"inLanguage\":\"en-US\",\"@id\":\"https:\/\/www.latreille-avignon.fr\/en\/events\/family-friendly-gatherings\/#primaryimage\",\"url\":\"https:\/\/www.latreille-avignon.fr\/wp-content\/uploads\/2023\/10\/2023-08-10-La-Treille-176B-scaled.jpg\",\"contentUrl\":\"https:\/\/www.latreille-avignon.fr\/wp-content\/uploads\/2023\/10\/2023-08-10-La-Treille-176B-scaled.jpg\",\"width\":2560,\"height\":1255},{\"@type\":\"BreadcrumbList\",\"@id\":\"https:\/\/www.latreille-avignon.fr\/en\/events\/family-friendly-gatherings\/#breadcrumb\",\"itemListElement\":[{\"@type\":\"ListItem\",\"position\":1,\"name\":\"Accueil\",\"item\":\"https:\/\/www.latreille-avignon.fr\/en\/\"},{\"@type\":\"ListItem\",\"position\":2,\"name\":\"Events\",\"item\":\"https:\/\/www.latreille-avignon.fr\/en\/events\/\"},{\"@type\":\"ListItem\",\"position\":3,\"name\":\"Family &#038; friendly gatherings\"}]},{\"@type\":\"WebSite\",\"@id\":\"https:\/\/www.latreille-avignon.fr\/en\/#website\",\"url\":\"https:\/\/www.latreille-avignon.fr\/en\/\",\"name\":\"Auberge de La Treille\",\"description\":\"Lieu d&#039;\u00e9v\u00e8nements - Chambres d&#039;h\u00f4tes\",\"potentialAction\":[{\"@type\":\"SearchAction\",\"target\":{\"@type\":\"EntryPoint\",\"urlTemplate\":\"https:\/\/www.latreille-avignon.fr\/en\/?s={search_term_string}\"},\"query-input\":\"required name=search_term_string\"}],\"inLanguage\":\"en-US\"}]}<\/script>\n<!-- \/ Yoast SEO plugin. -->","yoast_head_json":{"title":"Family & friendly gatherings - Auberge de La Treille","description":"Organize your family and friendly gatherings in La Treille, a warm place in Avignon for moments with family or friends.","robots":{"index":"index","follow":"follow","max-snippet":"max-snippet:-1","max-image-preview":"max-image-preview:large","max-video-preview":"max-video-preview:-1"},"canonical":"https:\/\/www.latreille-avignon.fr\/en\/events\/family-friendly-gatherings\/","og_locale":"en_US","og_type":"article","og_title":"Family & friendly gatherings - Auberge de La Treille","og_description":"Organize your family and friendly gatherings in La Treille, a warm place in Avignon for moments with family or friends.","og_url":"https:\/\/www.latreille-avignon.fr\/en\/events\/family-friendly-gatherings\/","og_site_name":"Auberge de La Treille","article_modified_time":"2025-03-11T09:21:26+00:00","og_image":[{"width":2560,"height":1255,"url":"https:\/\/www.latreille-avignon.fr\/wp-content\/uploads\/2023\/10\/2023-08-10-La-Treille-176B-scaled.jpg","type":"image\/jpeg"}],"twitter_card":"summary_large_image","twitter_misc":{"Est. reading time":"2 minutes"},"schema":{"@context":"https:\/\/schema.org","@graph":[{"@type":"WebPage","@id":"https:\/\/www.latreille-avignon.fr\/en\/events\/family-friendly-gatherings\/","url":"https:\/\/www.latreille-avignon.fr\/en\/events\/family-friendly-gatherings\/","name":"Family & friendly gatherings - Auberge de La Treille","isPartOf":{"@id":"https:\/\/www.latreille-avignon.fr\/en\/#website"},"primaryImageOfPage":{"@id":"https:\/\/www.latreille-avignon.fr\/en\/events\/family-friendly-gatherings\/#primaryimage"},"image":{"@id":"https:\/\/www.latreille-avignon.fr\/en\/events\/family-friendly-gatherings\/#primaryimage"},"thumbnailUrl":"https:\/\/www.latreille-avignon.fr\/wp-content\/uploads\/2023\/10\/2023-08-10-La-Treille-176B-scaled.jpg","datePublished":"2023-09-21T09:39:57+00:00","dateModified":"2025-03-11T09:21:26+00:00","description":"Organize your family and friendly gatherings in La Treille, a warm place in Avignon for moments with family or friends.","breadcrumb":{"@id":"https:\/\/www.latreille-avignon.fr\/en\/events\/family-friendly-gatherings\/#breadcrumb"},"inLanguage":"en-US","potentialAction":[{"@type":"ReadAction","target":["https:\/\/www.latreille-avignon.fr\/en\/events\/family-friendly-gatherings\/"]}]},{"@type":"ImageObject","inLanguage":"en-US","@id":"https:\/\/www.latreille-avignon.fr\/en\/events\/family-friendly-gatherings\/#primaryimage","url":"https:\/\/www.latreille-avignon.fr\/wp-content\/uploads\/2023\/10\/2023-08-10-La-Treille-176B-scaled.jpg","contentUrl":"https:\/\/www.latreille-avignon.fr\/wp-content\/uploads\/2023\/10\/2023-08-10-La-Treille-176B-scaled.jpg","width":2560,"height":1255},{"@type":"BreadcrumbList","@id":"https:\/\/www.latreille-avignon.fr\/en\/events\/family-friendly-gatherings\/#breadcrumb","itemListElement":[{"@type":"ListItem","position":1,"name":"Accueil","item":"https:\/\/www.latreille-avignon.fr\/en\/"},{"@type":"ListItem","position":2,"name":"Events","item":"https:\/\/www.latreille-avignon.fr\/en\/events\/"},{"@type":"ListItem","position":3,"name":"Family &#038; friendly gatherings"}]},{"@type":"WebSite","@id":"https:\/\/www.latreille-avignon.fr\/en\/#website","url":"https:\/\/www.latreille-avignon.fr\/en\/","name":"Auberge de La Treille","description":"Lieu d&#039;\u00e9v\u00e8nements - Chambres d&#039;h\u00f4tes","potentialAction":[{"@type":"SearchAction","target":{"@type":"EntryPoint","urlTemplate":"https:\/\/www.latreille-avignon.fr\/en\/?s={search_term_string}"},"query-input":"required name=search_term_string"}],"inLanguage":"en-US"}]}},"_links":{"self":[{"href":"https:\/\/www.latreille-avignon.fr\/en\/wp-json\/wp\/v2\/pages\/1150","targetHints":{"allow":["GET"]}}],"collection":[{"href":"https:\/\/www.latreille-avignon.fr\/en\/wp-json\/wp\/v2\/pages"}],"about":[{"href":"https:\/\/www.latreille-avignon.fr\/en\/wp-json\/wp\/v2\/types\/page"}],"author":[{"embeddable":true,"href":"https:\/\/www.latreille-avignon.fr\/en\/wp-json\/wp\/v2\/users\/1"}],"replies":[{"embeddable":true,"href":"https:\/\/www.latreille-avignon.fr\/en\/wp-json\/wp\/v2\/comments?post=1150"}],"version-history":[{"count":4,"href":"https:\/\/www.latreille-avignon.fr\/en\/wp-json\/wp\/v2\/pages\/1150\/revisions"}],"predecessor-version":[{"id":1702,"href":"https:\/\/www.latreille-avignon.fr\/en\/wp-json\/wp\/v2\/pages\/1150\/revisions\/1702"}],"up":[{"embeddable":true,"href":"https:\/\/www.latreille-avignon.fr\/en\/wp-json\/wp\/v2\/pages\/1148"}],"wp:featuredmedia":[{"embeddable":true,"href":"https:\/\/www.latreille-avignon.fr\/en\/wp-json\/wp\/v2\/media\/1110"}],"wp:attachment":[{"href":"https:\/\/www.latreille-avignon.fr\/en\/wp-json\/wp\/v2\/media?parent=1150"}],"curies":[{"name":"wp","href":"https:\/\/api.w.org\/{rel}","templated":true}]}}