{"id":1144,"date":"2023-09-20T18:39:46","date_gmt":"2023-09-20T16:39:46","guid":{"rendered":"https:\/\/www.latreille-avignon.fr\/domaine\/"},"modified":"2025-03-10T17:21:18","modified_gmt":"2025-03-10T16:21:18","slug":"the-domain","status":"publish","type":"page","link":"https:\/\/www.latreille-avignon.fr\/en\/the-domain\/","title":{"rendered":"The Domain"},"content":{"rendered":"","protected":false},"excerpt":{"rendered":"","protected":false},"author":1,"featured_media":1783,"parent":0,"menu_order":5,"comment_status":"closed","ping_status":"closed","template":"page-domaine.php","meta":{"_acf_changed":false,"inline_featured_image":false,"_monsterinsights_skip_tracking":false,"_monsterinsights_sitenote_active":false,"_monsterinsights_sitenote_note":"","_monsterinsights_sitenote_category":0,"footnotes":""},"class_list":["post-1144","page","type-page","status-publish","has-post-thumbnail","hentry"],"acf":[],"yoast_head":"<!-- This site is optimized with the Yoast SEO plugin v23.2 - https:\/\/yoast.com\/wordpress\/plugins\/seo\/ -->\n<title>The Domain - Auberge de La Treille<\/title>\n<meta name=\"description\" content=\"The Domain de La Treille, an exceptional place in Avignon for your private receptions and events. Between Provencal charm and modernity\" \/>\n<meta name=\"robots\" content=\"index, follow, max-snippet:-1, max-image-preview:large, max-video-preview:-1\" \/>\n<link rel=\"canonical\" href=\"https:\/\/www.latreille-avignon.fr\/en\/the-domain\/\" \/>\n<meta property=\"og:locale\" content=\"en_US\" \/>\n<meta property=\"og:type\" content=\"article\" \/>\n<meta property=\"og:title\" content=\"The Domain - Auberge de La Treille\" \/>\n<meta property=\"og:description\" content=\"The Domain de La Treille, an exceptional place in Avignon for your private receptions and events. Between Provencal charm and modernity\" \/>\n<meta property=\"og:url\" content=\"https:\/\/www.latreille-avignon.fr\/en\/the-domain\/\" \/>\n<meta property=\"og:site_name\" content=\"Auberge de La Treille\" \/>\n<meta property=\"article:modified_time\" content=\"2025-03-10T16:21:18+00:00\" \/>\n<meta property=\"og:image\" content=\"https:\/\/www.latreille-avignon.fr\/wp-content\/uploads\/2025\/07\/Annabelle-13-aout-2024-5-scaled.jpg\" \/>\n\t<meta property=\"og:image:width\" content=\"2560\" \/>\n\t<meta property=\"og:image:height\" content=\"1703\" \/>\n\t<meta property=\"og:image:type\" content=\"image\/jpeg\" \/>\n<meta name=\"twitter:card\" content=\"summary_large_image\" \/>\n<meta name=\"twitter:label1\" content=\"Est. reading time\" \/>\n\t<meta name=\"twitter:data1\" content=\"1 minute\" \/>\n<script type=\"application\/ld+json\" class=\"yoast-schema-graph\">{\"@context\":\"https:\/\/schema.org\",\"@graph\":[{\"@type\":\"WebPage\",\"@id\":\"https:\/\/www.latreille-avignon.fr\/en\/the-domain\/\",\"url\":\"https:\/\/www.latreille-avignon.fr\/en\/the-domain\/\",\"name\":\"The Domain - Auberge de La Treille\",\"isPartOf\":{\"@id\":\"https:\/\/www.latreille-avignon.fr\/en\/#website\"},\"primaryImageOfPage\":{\"@id\":\"https:\/\/www.latreille-avignon.fr\/en\/the-domain\/#primaryimage\"},\"image\":{\"@id\":\"https:\/\/www.latreille-avignon.fr\/en\/the-domain\/#primaryimage\"},\"thumbnailUrl\":\"https:\/\/www.latreille-avignon.fr\/wp-content\/uploads\/2025\/07\/Annabelle-13-aout-2024-5-scaled.jpg\",\"datePublished\":\"2023-09-20T16:39:46+00:00\",\"dateModified\":\"2025-03-10T16:21:18+00:00\",\"description\":\"The Domain de La Treille, an exceptional place in Avignon for your private receptions and events. Between Provencal charm and modernity\",\"breadcrumb\":{\"@id\":\"https:\/\/www.latreille-avignon.fr\/en\/the-domain\/#breadcrumb\"},\"inLanguage\":\"en-US\",\"potentialAction\":[{\"@type\":\"ReadAction\",\"target\":[\"https:\/\/www.latreille-avignon.fr\/en\/the-domain\/\"]}]},{\"@type\":\"ImageObject\",\"inLanguage\":\"en-US\",\"@id\":\"https:\/\/www.latreille-avignon.fr\/en\/the-domain\/#primaryimage\",\"url\":\"https:\/\/www.latreille-avignon.fr\/wp-content\/uploads\/2025\/07\/Annabelle-13-aout-2024-5-scaled.jpg\",\"contentUrl\":\"https:\/\/www.latreille-avignon.fr\/wp-content\/uploads\/2025\/07\/Annabelle-13-aout-2024-5-scaled.jpg\",\"width\":2560,\"height\":1703},{\"@type\":\"BreadcrumbList\",\"@id\":\"https:\/\/www.latreille-avignon.fr\/en\/the-domain\/#breadcrumb\",\"itemListElement\":[{\"@type\":\"ListItem\",\"position\":1,\"name\":\"Accueil\",\"item\":\"https:\/\/www.latreille-avignon.fr\/en\/\"},{\"@type\":\"ListItem\",\"position\":2,\"name\":\"The Domain\"}]},{\"@type\":\"WebSite\",\"@id\":\"https:\/\/www.latreille-avignon.fr\/en\/#website\",\"url\":\"https:\/\/www.latreille-avignon.fr\/en\/\",\"name\":\"Auberge de La Treille\",\"description\":\"Lieu d&#039;\u00e9v\u00e8nements - Chambres d&#039;h\u00f4tes\",\"potentialAction\":[{\"@type\":\"SearchAction\",\"target\":{\"@type\":\"EntryPoint\",\"urlTemplate\":\"https:\/\/www.latreille-avignon.fr\/en\/?s={search_term_string}\"},\"query-input\":\"required name=search_term_string\"}],\"inLanguage\":\"en-US\"}]}<\/script>\n<!-- \/ Yoast SEO plugin. -->","yoast_head_json":{"title":"The Domain - Auberge de La Treille","description":"The Domain de La Treille, an exceptional place in Avignon for your private receptions and events. Between Provencal charm and modernity","robots":{"index":"index","follow":"follow","max-snippet":"max-snippet:-1","max-image-preview":"max-image-preview:large","max-video-preview":"max-video-preview:-1"},"canonical":"https:\/\/www.latreille-avignon.fr\/en\/the-domain\/","og_locale":"en_US","og_type":"article","og_title":"The Domain - Auberge de La Treille","og_description":"The Domain de La Treille, an exceptional place in Avignon for your private receptions and events. Between Provencal charm and modernity","og_url":"https:\/\/www.latreille-avignon.fr\/en\/the-domain\/","og_site_name":"Auberge de La Treille","article_modified_time":"2025-03-10T16:21:18+00:00","og_image":[{"width":2560,"height":1703,"url":"https:\/\/www.latreille-avignon.fr\/wp-content\/uploads\/2025\/07\/Annabelle-13-aout-2024-5-scaled.jpg","type":"image\/jpeg"}],"twitter_card":"summary_large_image","twitter_misc":{"Est. reading time":"1 minute"},"schema":{"@context":"https:\/\/schema.org","@graph":[{"@type":"WebPage","@id":"https:\/\/www.latreille-avignon.fr\/en\/the-domain\/","url":"https:\/\/www.latreille-avignon.fr\/en\/the-domain\/","name":"The Domain - Auberge de La Treille","isPartOf":{"@id":"https:\/\/www.latreille-avignon.fr\/en\/#website"},"primaryImageOfPage":{"@id":"https:\/\/www.latreille-avignon.fr\/en\/the-domain\/#primaryimage"},"image":{"@id":"https:\/\/www.latreille-avignon.fr\/en\/the-domain\/#primaryimage"},"thumbnailUrl":"https:\/\/www.latreille-avignon.fr\/wp-content\/uploads\/2025\/07\/Annabelle-13-aout-2024-5-scaled.jpg","datePublished":"2023-09-20T16:39:46+00:00","dateModified":"2025-03-10T16:21:18+00:00","description":"The Domain de La Treille, an exceptional place in Avignon for your private receptions and events. Between Provencal charm and modernity","breadcrumb":{"@id":"https:\/\/www.latreille-avignon.fr\/en\/the-domain\/#breadcrumb"},"inLanguage":"en-US","potentialAction":[{"@type":"ReadAction","target":["https:\/\/www.latreille-avignon.fr\/en\/the-domain\/"]}]},{"@type":"ImageObject","inLanguage":"en-US","@id":"https:\/\/www.latreille-avignon.fr\/en\/the-domain\/#primaryimage","url":"https:\/\/www.latreille-avignon.fr\/wp-content\/uploads\/2025\/07\/Annabelle-13-aout-2024-5-scaled.jpg","contentUrl":"https:\/\/www.latreille-avignon.fr\/wp-content\/uploads\/2025\/07\/Annabelle-13-aout-2024-5-scaled.jpg","width":2560,"height":1703},{"@type":"BreadcrumbList","@id":"https:\/\/www.latreille-avignon.fr\/en\/the-domain\/#breadcrumb","itemListElement":[{"@type":"ListItem","position":1,"name":"Accueil","item":"https:\/\/www.latreille-avignon.fr\/en\/"},{"@type":"ListItem","position":2,"name":"The Domain"}]},{"@type":"WebSite","@id":"https:\/\/www.latreille-avignon.fr\/en\/#website","url":"https:\/\/www.latreille-avignon.fr\/en\/","name":"Auberge de La Treille","description":"Lieu d&#039;\u00e9v\u00e8nements - Chambres d&#039;h\u00f4tes","potentialAction":[{"@type":"SearchAction","target":{"@type":"EntryPoint","urlTemplate":"https:\/\/www.latreille-avignon.fr\/en\/?s={search_term_string}"},"query-input":"required name=search_term_string"}],"inLanguage":"en-US"}]}},"_links":{"self":[{"href":"https:\/\/www.latreille-avignon.fr\/en\/wp-json\/wp\/v2\/pages\/1144","targetHints":{"allow":["GET"]}}],"collection":[{"href":"https:\/\/www.latreille-avignon.fr\/en\/wp-json\/wp\/v2\/pages"}],"about":[{"href":"https:\/\/www.latreille-avignon.fr\/en\/wp-json\/wp\/v2\/types\/page"}],"author":[{"embeddable":true,"href":"https:\/\/www.latreille-avignon.fr\/en\/wp-json\/wp\/v2\/users\/1"}],"replies":[{"embeddable":true,"href":"https:\/\/www.latreille-avignon.fr\/en\/wp-json\/wp\/v2\/comments?post=1144"}],"version-history":[{"count":5,"href":"https:\/\/www.latreille-avignon.fr\/en\/wp-json\/wp\/v2\/pages\/1144\/revisions"}],"predecessor-version":[{"id":1688,"href":"https:\/\/www.latreille-avignon.fr\/en\/wp-json\/wp\/v2\/pages\/1144\/revisions\/1688"}],"wp:featuredmedia":[{"embeddable":true,"href":"https:\/\/www.latreille-avignon.fr\/en\/wp-json\/wp\/v2\/media\/1783"}],"wp:attachment":[{"href":"https:\/\/www.latreille-avignon.fr\/en\/wp-json\/wp\/v2\/media?parent=1144"}],"curies":[{"name":"wp","href":"https:\/\/api.w.org\/{rel}","templated":true}]}}